{"id":18335,"date":"2024-09-28T14:18:07","date_gmt":"2024-09-28T14:18:07","guid":{"rendered":"https:\/\/toscaneria.hu\/?post_type=product&#038;p=18335"},"modified":"2026-03-23T10:55:52","modified_gmt":"2026-03-23T10:55:52","slug":"busatti-bird","status":"publish","type":"product","link":"https:\/\/toscaneria.hu\/en\/termek\/busatti-bird\/","title":{"rendered":"Busatti bird"},"content":{"rendered":"<h5><b>BUSATTI textil BIRD\u00a0<\/b><\/h5>\n<p data-start=\"26\" data-end=\"333\">This unique textile bird is crafted from Busatti fabric, the result of careful work by a Hungarian artisan. The fine details, natural materials and hand-finished craftsmanship give this charming decorative piece a distinctive character, making it a perfect gift or a decorative addition to any stylish home.<\/p>\n<p data-start=\"335\" data-end=\"508\">The price applies to one piece. The bird is available in various patterns and can be viewed and purchased in person at our partner\u2019s showroom, La Meridiana, located in Buda.<\/p>\n<p data-start=\"510\" data-end=\"641\"><strong data-start=\"510\" data-end=\"523\">Material:<\/strong> Busatti textile<br data-start=\"539\" data-end=\"542\" \/><strong data-start=\"542\" data-end=\"551\">Size:<\/strong> approx. 12\u201315 cm<br data-start=\"568\" data-end=\"571\" \/><strong data-start=\"571\" data-end=\"589\" data-is-only-node=\"\">Craftsmanship:<\/strong> Hungarian handmade product, created by AVida Toys<\/p>\n<p data-start=\"643\" data-end=\"721\" data-is-last-node=\"\" data-is-only-node=\"\">Available in person at the La Meridiana showroom \u2013 1023 Budapest, \u00dcr\u00f6mi \u00fat 45.<\/p>\n","protected":false},"excerpt":{"rendered":"<p>BUSATTI textil BIRD\u00a0 This unique textile bird is crafted from Busatti fabric, the result of careful work by a Hungarian artisan. The fine details, natural materials and hand-finished craftsmanship give this charming decorative piece a distinctive character, making it a perfect gift or a decorative addition to any stylish home. The price applies to one [&hellip;]<\/p>\n","protected":false},"featured_media":18337,"template":"","meta":[],"product_brand":[],"product_cat":[118,120,124],"product_tag":[],"class_list":{"0":"post-18335","1":"product","2":"type-product","3":"status-publish","4":"has-post-thumbnail","6":"product_cat-busatti-en","7":"product_cat-exclusive-gifts","8":"product_cat-home-decor","10":"first","11":"instock","12":"taxable","13":"shipping-taxable","14":"purchasable","15":"product-type-simple"},"_links":{"self":[{"href":"https:\/\/toscaneria.hu\/en\/wp-json\/wp\/v2\/product\/18335","targetHints":{"allow":["GET"]}}],"collection":[{"href":"https:\/\/toscaneria.hu\/en\/wp-json\/wp\/v2\/product"}],"about":[{"href":"https:\/\/toscaneria.hu\/en\/wp-json\/wp\/v2\/types\/product"}],"wp:featuredmedia":[{"embeddable":true,"href":"https:\/\/toscaneria.hu\/en\/wp-json\/wp\/v2\/media\/18337"}],"wp:attachment":[{"href":"https:\/\/toscaneria.hu\/en\/wp-json\/wp\/v2\/media?parent=18335"}],"wp:term":[{"taxonomy":"product_brand","embeddable":true,"href":"https:\/\/toscaneria.hu\/en\/wp-json\/wp\/v2\/product_brand?post=18335"},{"taxonomy":"product_cat","embeddable":true,"href":"https:\/\/toscaneria.hu\/en\/wp-json\/wp\/v2\/product_cat?post=18335"},{"taxonomy":"product_tag","embeddable":true,"href":"https:\/\/toscaneria.hu\/en\/wp-json\/wp\/v2\/product_tag?post=18335"}],"curies":[{"name":"wp","href":"https:\/\/api.w.org\/{rel}","templated":true}]}}