{"id":18341,"date":"2024-09-28T14:30:50","date_gmt":"2024-09-28T14:30:50","guid":{"rendered":"https:\/\/toscaneria.hu\/?post_type=product&#038;p=18341"},"modified":"2026-03-23T10:49:26","modified_gmt":"2026-03-23T10:49:26","slug":"busatti-dachshund","status":"publish","type":"product","link":"https:\/\/toscaneria.hu\/en\/termek\/busatti-dachshund\/","title":{"rendered":"Busatti dachshund"},"content":{"rendered":"<h5><b>BUSATTI DACHSHUND \u2013 HANDCRAFTED BY A HUNGARIAN ARTISAN<\/b><\/h5>\n<p data-start=\"23\" data-end=\"314\">This unique, handmade dachshund is crafted from Busatti fabric, the result of meticulous work by a Hungarian artisan. Its distinctive, charming appearance and high-quality material make it an ideal choice for stylish interiors, as a gift, or even as a decorative piece for a children\u2019s room.<\/p>\n<p data-start=\"316\" data-end=\"479\">The price applies to one piece. The dachshund is available in various patterns and can be viewed and purchased in person at our partner\u2019s elegant showroom in Buda.<\/p>\n<p data-start=\"481\" data-end=\"612\"><strong data-start=\"481\" data-end=\"494\">Material:<\/strong> Busatti textile<br data-start=\"510\" data-end=\"513\" \/><strong data-start=\"513\" data-end=\"522\">Size:<\/strong> approx. 20\u201325 cm<br data-start=\"539\" data-end=\"542\" \/><strong data-start=\"542\" data-end=\"560\" data-is-only-node=\"\">Craftsmanship:<\/strong> Hungarian handmade product, created by AVida Toys<\/p>\n<p data-start=\"614\" data-end=\"692\" data-is-last-node=\"\" data-is-only-node=\"\">Available in person at the La Meridiana showroom \u2013 1023 Budapest, \u00dcr\u00f6mi \u00fat 45.<\/p>\n","protected":false},"excerpt":{"rendered":"<p>BUSATTI DACHSHUND \u2013 HANDCRAFTED BY A HUNGARIAN ARTISAN This unique, handmade dachshund is crafted from Busatti fabric, the result of meticulous work by a Hungarian artisan. Its distinctive, charming appearance and high-quality material make it an ideal choice for stylish interiors, as a gift, or even as a decorative piece for a children\u2019s room. The [&hellip;]<\/p>\n","protected":false},"featured_media":18343,"template":"","meta":[],"product_brand":[],"product_cat":[118,120,124],"product_tag":[],"class_list":{"0":"post-18341","1":"product","2":"type-product","3":"status-publish","4":"has-post-thumbnail","6":"product_cat-busatti-en","7":"product_cat-exclusive-gifts","8":"product_cat-home-decor","10":"first","11":"instock","12":"taxable","13":"shipping-taxable","14":"purchasable","15":"product-type-simple"},"_links":{"self":[{"href":"https:\/\/toscaneria.hu\/en\/wp-json\/wp\/v2\/product\/18341","targetHints":{"allow":["GET"]}}],"collection":[{"href":"https:\/\/toscaneria.hu\/en\/wp-json\/wp\/v2\/product"}],"about":[{"href":"https:\/\/toscaneria.hu\/en\/wp-json\/wp\/v2\/types\/product"}],"wp:featuredmedia":[{"embeddable":true,"href":"https:\/\/toscaneria.hu\/en\/wp-json\/wp\/v2\/media\/18343"}],"wp:attachment":[{"href":"https:\/\/toscaneria.hu\/en\/wp-json\/wp\/v2\/media?parent=18341"}],"wp:term":[{"taxonomy":"product_brand","embeddable":true,"href":"https:\/\/toscaneria.hu\/en\/wp-json\/wp\/v2\/product_brand?post=18341"},{"taxonomy":"product_cat","embeddable":true,"href":"https:\/\/toscaneria.hu\/en\/wp-json\/wp\/v2\/product_cat?post=18341"},{"taxonomy":"product_tag","embeddable":true,"href":"https:\/\/toscaneria.hu\/en\/wp-json\/wp\/v2\/product_tag?post=18341"}],"curies":[{"name":"wp","href":"https:\/\/api.w.org\/{rel}","templated":true}]}}